{"id":1306,"date":"2015-08-29T12:30:56","date_gmt":"2015-08-29T12:30:56","guid":{"rendered":"http:\/\/ligiaamadio.net\/a\/?page_id=1306"},"modified":"2015-09-15T18:48:42","modified_gmt":"2015-09-15T18:48:42","slug":"06-feb-2015","status":"publish","type":"page","link":"http:\/\/ligiaamadio.net\/a\/06-feb-2015\/","title":{"rendered":"06 feb 2015"},"content":{"rendered":"<p>[vc_row section_top_margin=&#8221;doubletopmargin&#8221; section_bottom_margin=&#8221;doublebottommargin&#8221; section_background=&#8221;color&#8221; section_id=&#8221;360-slider&#8221; background_color=&#8221;#ffffff&#8221;][vc_column][vc_facebook type=&#8221;button_count&#8221;][vc_row_inner][vc_column_inner width=&#8221;1\/2&#8243;][vc_column_text]<strong>06 feb 2015<\/strong><\/p>\n<p>ORQUESTA FILARM\u00d3NICA DE BOGOT\u00c1<\/p>\n<p>Teatro Mayor Julio Mario Santo Domingo, Bogot\u00e1, Colombia<\/p>\n<p>Soloists: Javier Camarena (T), Jorge Lagunes (Bar), Guadalupe Paz (MS),<\/p>\n<p>Karen Gardeaz\u00e1bal (S)<\/p>\n<p>Program:<\/p>\n<p>WOLFGANG AMADEUS MOZART: Cos\u00ec fan tutte<\/p>\n<p>Obertura; \u201cSoave sia il vento\u201d; \u201cUn aura amorosa\u201d; &#8220;\u00c8 amore un ladroncello&#8230;&#8221;; \u201cFra gli amplessi\u201d<\/p>\n<p>GIUSEPPE VERDI: Rigoletto<\/p>\n<p>\u201cCortigiani, vil razza dannata\u201d; \u201cE il sol dell\u2019anima\u201d; \u201cElla mi fu rapita! (&#8230;) Parmi veder le lagrime\u201d;<\/p>\n<p>\u201cUn di se ben rammentomi\u2026 Bella figlia dell\u2019amore\u201d<\/p>\n<p>GIOACCHINO ROSSINI: Il barbiere di Siviglia<\/p>\n<p>Obertura; \u201cUna voce poco fa\u201d<\/p>\n<p>GAETANO DONIZETTI: L\u2019elisir d\u2019amore<\/p>\n<p>Come sen va contento\u2026 Quanto amore &#8230;: Una parola, o Adina\u2026<\/p>\n<p>JULES MASSENET: Werther<\/p>\n<p>\u201cVa! Laisse couler mes larmes\u201d<\/p>\n<p>UMBERTO GIORDANO: Andrea Ch\u00e9nier<\/p>\n<p>\u201cNemico della patria\u201d<\/p>\n<p>GIOACCHINO ROSSINI: La cenerentola<\/p>\n<p>&#8220;Si ritrovarla, io giuro&#8221;<\/p>\n<p>GIACOMO PUCCINI: La rondine<\/p>\n<p>\u201cChi il bel sogno di Doretta\u201d<\/p>\n<p>GAETANO DONIZETTI: La fille du r\u00e9gimen<\/p>\n<p>\u201cAh, mes amis\u201d[\/vc_column_text][\/vc_column_inner][vc_column_inner width=&#8221;1\/2&#8243;][vc_images_carousel images=&#8221;1321,1322,1323,1324,1325,1326&#8243; img_size=&#8221;full&#8221; autoplay=&#8221;yes&#8221;][vc_video link=&#8221;https:\/\/www.youtube.com\/watch?v=3TG9H3Yb_GE&#8221;][vc_text_separator title=&#8221;Review&#8221;][vc_column_text]<\/p>\n<p><a href=\"http:\/\/www.portalpolitico.tv\/content\/site\/module\/news\/op\/displaystory\/story_id\/125296\/format\/html\/\" target=\"_blank\">06 feb 2015:\u00a0Vibran colombianos con las mejores cuatro voces l\u00edricas de M\u00e9xico \u2013 Portal Politico<\/a><\/p>\n<p>[\/vc_column_text][vc_text_separator title=&#8221;Press&#8221;][vc_column_text]<a href=\"http:\/\/www.oem.com.mx\/elmexicano\/notas\/n3696873.htm\" target=\"_blank\">Javier Camarena y los grandes de la l\u00edrica mexicana, juntos en Bogot\u00e1 \u2013 El Mexicano<\/a><\/p>\n<p><a href=\"http:\/\/www.cronica.com.mx\/notas\/2015\/878426.html\" target=\"_blank\">Gala mexicana abre temporada de la Filarm\u00f3nica de Colombia \u2013 Cr\u00f3nica MX<\/a><\/p>\n<p><a href=\"http:\/\/bogota.revistadc.com.co\/?os_dc_musica=javier-camarena-y-los-grandes-de-la-lirica-mexicana\" target=\"_blank\">Javier Camarena y los grandes de la l\u00edrica mexicana \u2013 Revista DC<\/a><\/p>\n<p><a href=\"http:\/\/www.ugto.mx\/ugcomunica\/noticias\/6832-javier-camarena-ofrecera-recital-acompanado-de-la-filarmonica-de-bogota\" target=\"_blank\">Javier Camarena ofrecer\u00e1 recital acompa\u00f1ado de la Filarm\u00f3nica de Bogot\u00e1 \u2013 Universidad de Guanajuato<\/a><\/p>\n<p><a href=\"http:\/\/revistadiners.com.co\/ocio\/22206_javier-camarena-da-inicio-la-temporada-2015-de-la-ofb\/\" target=\"_blank\">Javier Camarena da inicio a la temporada 2015 de la OFB \u2013 Revista Diners<\/a><\/p>\n<p><a href=\"http:\/\/www.jornada.unam.mx\/ultimas\/2015\/02\/03\/el-tenor-mexicano-javier-camarena-ofrecera-recital-en-bogota-colombia-5033.html\" target=\"_blank\">El tenor mexicano Javier Camarena ofrecer\u00e1 recital en Bogot\u00e1, Colombia \u2013 La Jornada<\/a><\/p>\n<p><a href=\"http:\/\/www.sinembargo.mx\/06-02-2015\/1241917\" target=\"_blank\">Javier Camarena y los grandes de la l\u00edrica mexicana, juntos en Bogot\u00e1 \u2013 Sin Embargo<\/a><\/p>\n<p><a href=\"http:\/\/www.elfiltro.co\/gala-lirica-mexicana-abre-temporada-2015-de-la-orquesta-filarmonica-de-bogota\/\" target=\"_blank\">Gala l\u00edrica mexicana, abre temporada 2015 de la Orquesta Filarm\u00f3nica de Bogot\u00e1 \u2013 El Filtro<\/a><\/p>\n<p><a href=\"http:\/\/www.eltiempo.com\/entretenimiento\/arte-y-teatro\/javier-camarena-el-senor-do-de-pecho\/15191615\" target=\"_blank\">El Teatro Mayor recibir\u00e1 a Javier Camarena, el se\u00f1or \u2018Do de pecho\u2019 \u2013 El Tiempo<\/a><\/p>\n<p><a href=\"http:\/\/www.teatromayor.org\/evento\/orquesta-filarmonica-de-bogota-javier-camarena-y-los-grandes-de-la-lirica-mexicana-colombia-0\" target=\"_blank\">Javier Camarena y los grandes de la l\u00edrica mexicana \u2013 Teatro Mayor<\/a><\/p>\n<p><a href=\"http:\/\/www.secult.es.gov.br\/noticias\/22011\/sinfonica-do-es-se-apresenta-com-uma-maestrina-pela-primeira-vez-em-sua-historia.html\" target=\"_blank\">Orquestra filarm\u00f4nica far\u00e1 apresenta\u00e7\u00f5es com reg\u00eancia feminina \u2013 S\u00e9culo Di\u00e1rio<\/a>[\/vc_column_text][\/vc_column_inner][\/vc_row_inner][\/vc_column][\/vc_row]<\/p>\n","protected":false},"excerpt":{"rendered":"<p>[vc_row section_top_margin=&#8221;doubletopmargin&#8221; section_bottom_margin=&#8221;doublebottommargin&#8221; section_background=&#8221;color&#8221; section_id=&#8221;360-slider&#8221; background_color=&#8221;#ffffff&#8221;][vc_column][vc_facebook type=&#8221;button_count&#8221;][vc_row_inner][vc_column_inner width=&#8221;1\/2&#8243;][vc_column_text]06 feb 2015 ORQUESTA FILARM\u00d3NICA DE [&hellip;]<\/p>\n","protected":false},"author":1,"featured_media":0,"parent":0,"menu_order":0,"comment_status":"open","ping_status":"open","template":"template\/template-landing-page-vc.php","meta":{"footnotes":""},"class_list":["post-1306","page","type-page","status-publish","hentry"],"_links":{"self":[{"href":"http:\/\/ligiaamadio.net\/a\/wp-json\/wp\/v2\/pages\/1306","targetHints":{"allow":["GET"]}}],"collection":[{"href":"http:\/\/ligiaamadio.net\/a\/wp-json\/wp\/v2\/pages"}],"about":[{"href":"http:\/\/ligiaamadio.net\/a\/wp-json\/wp\/v2\/types\/page"}],"author":[{"embeddable":true,"href":"http:\/\/ligiaamadio.net\/a\/wp-json\/wp\/v2\/users\/1"}],"replies":[{"embeddable":true,"href":"http:\/\/ligiaamadio.net\/a\/wp-json\/wp\/v2\/comments?post=1306"}],"version-history":[{"count":35,"href":"http:\/\/ligiaamadio.net\/a\/wp-json\/wp\/v2\/pages\/1306\/revisions"}],"predecessor-version":[{"id":1705,"href":"http:\/\/ligiaamadio.net\/a\/wp-json\/wp\/v2\/pages\/1306\/revisions\/1705"}],"wp:attachment":[{"href":"http:\/\/ligiaamadio.net\/a\/wp-json\/wp\/v2\/media?parent=1306"}],"curies":[{"name":"wp","href":"https:\/\/api.w.org\/{rel}","templated":true}]}}