{"id":1425,"date":"2015-09-02T16:51:22","date_gmt":"2015-09-02T16:51:22","guid":{"rendered":"http:\/\/ligiaamadio.net\/a\/?page_id=1425"},"modified":"2015-09-14T15:14:11","modified_gmt":"2015-09-14T15:14:11","slug":"11-jun-2015","status":"publish","type":"page","link":"http:\/\/ligiaamadio.net\/a\/11-jun-2015\/","title":{"rendered":"11 jun 2015"},"content":{"rendered":"<p>[vc_row section_top_margin=&#8221;doubletopmargin&#8221; section_bottom_margin=&#8221;doublebottommargin&#8221; section_background=&#8221;color&#8221; section_id=&#8221;360-slider&#8221; background_color=&#8221;#ffffff&#8221;][vc_column][vc_facebook type=&#8221;button_count&#8221;][vc_row_inner][vc_column_inner width=&#8221;1\/2&#8243;][vc_single_image image=&#8221;1440&#8243; img_size=&#8221;large&#8221; alignment=&#8221;center&#8221;][vc_column_text]<strong>11 jun 2015<\/strong><\/p>\n<p>ICELAND SYMPHONY ORCHESTRA<\/p>\n<p>HARPA, Concert Hall, 19:30h<\/p>\n<p>Reykjavic, Iceland<\/p>\n<p>Program:<\/p>\n<p>J\u00d3RUNN VI\u00f0AR SL\u00c1TTA<\/p>\n<p>Piano Concerto<\/p>\n<p>Soloist: \u00c1str\u00ed\u00f0ur Alda Sigur\u00f0ard\u00f3ttir<\/p>\n<p>ANNA THORVALDSD\u00d3TTIR<\/p>\n<p>Dreymi<\/p>\n<p>AMY BEACH<\/p>\n<p>Gaelic Symphony<\/p>\n<p>[\/vc_column_text][\/vc_column_inner][vc_column_inner width=&#8221;1\/2&#8243;][vc_images_carousel images=&#8221;1429,1430,1431,1432,1433,1434,1435,1436,1437,1438,1439&#8243; img_size=&#8221;full&#8221;][vc_text_separator title=&#8221;Press&#8221;][vc_column_text]<a href=\"http:\/\/operaeballet.blogspot.com.br\/2015\/06\/ligia-amadio-iceland-symphony-orchestra.html\" target=\"_blank\">Iceland Symphone Orchestra \u2013 \u00d3pera &amp; Ballet<\/a><\/p>\n<p><a href=\"http:\/\/operaeballet.blogspot.com.br\/2015\/05\/as-mulheres-da-islandia-artigo-de.html\" target=\"_blank\">As Mulheres da Isl\u00e2ndia\u00a0\u2013\u00a0\u00d3pera &amp; Ballet<\/a><\/p>\n<p><a href=\"http:\/\/www.whatson.is\/event\/titans-and-trailblazers-harpa\/\" target=\"_blank\">Titans and Trailblazers @ Harpa \u2013 What\u2019s On<\/a><\/p>\n<p><a href=\"http:\/\/www.sinfonia.is\/en\/concerts\/nr\/2547\" target=\"_blank\">Titans and Trailblazers \u2013 Sinfonia.is<\/a>[\/vc_column_text][\/vc_column_inner][\/vc_row_inner][\/vc_column][\/vc_row]<\/p>\n","protected":false},"excerpt":{"rendered":"<p>[vc_row section_top_margin=&#8221;doubletopmargin&#8221; section_bottom_margin=&#8221;doublebottommargin&#8221; section_background=&#8221;color&#8221; section_id=&#8221;360-slider&#8221; background_color=&#8221;#ffffff&#8221;][vc_column][vc_facebook type=&#8221;button_count&#8221;][vc_row_inner][vc_column_inner width=&#8221;1\/2&#8243;][vc_single_image image=&#8221;1440&#8243; img_size=&#8221;large&#8221; alignment=&#8221;center&#8221;][vc_column_text]11 jun 2015 [&hellip;]<\/p>\n","protected":false},"author":1,"featured_media":0,"parent":0,"menu_order":0,"comment_status":"closed","ping_status":"closed","template":"template\/template-landing-page-vc.php","meta":{"footnotes":""},"class_list":["post-1425","page","type-page","status-publish","hentry"],"_links":{"self":[{"href":"http:\/\/ligiaamadio.net\/a\/wp-json\/wp\/v2\/pages\/1425","targetHints":{"allow":["GET"]}}],"collection":[{"href":"http:\/\/ligiaamadio.net\/a\/wp-json\/wp\/v2\/pages"}],"about":[{"href":"http:\/\/ligiaamadio.net\/a\/wp-json\/wp\/v2\/types\/page"}],"author":[{"embeddable":true,"href":"http:\/\/ligiaamadio.net\/a\/wp-json\/wp\/v2\/users\/1"}],"replies":[{"embeddable":true,"href":"http:\/\/ligiaamadio.net\/a\/wp-json\/wp\/v2\/comments?post=1425"}],"version-history":[{"count":9,"href":"http:\/\/ligiaamadio.net\/a\/wp-json\/wp\/v2\/pages\/1425\/revisions"}],"predecessor-version":[{"id":1552,"href":"http:\/\/ligiaamadio.net\/a\/wp-json\/wp\/v2\/pages\/1425\/revisions\/1552"}],"wp:attachment":[{"href":"http:\/\/ligiaamadio.net\/a\/wp-json\/wp\/v2\/media?parent=1425"}],"curies":[{"name":"wp","href":"https:\/\/api.w.org\/{rel}","templated":true}]}}