{"id":1490,"date":"2015-09-12T19:13:23","date_gmt":"2015-09-12T19:13:23","guid":{"rendered":"http:\/\/ligiaamadio.net\/a\/?page_id=1490"},"modified":"2026-03-28T22:01:32","modified_gmt":"2026-03-28T22:01:32","slug":"press","status":"publish","type":"page","link":"http:\/\/ligiaamadio.net\/a\/press\/","title":{"rendered":"Press"},"content":{"rendered":"<p><strong>Press 2023<\/strong><\/p>\n<p><a href=\"https:\/\/www1.folha.uol.com.br\/ilustrada\/2023\/12\/quem-e-ligia-amadio-maestra-que-subverte-o-mundo-machista-da-regencia.shtml?utm_source=whatsapp&amp;utm_medium=social&amp;utm_campaign=compwa\" target=\"_blank\" rel=\"noopener\">Dec 2023: Folha de S\u00e3o Paulo &#8211; Quem \u00e9 Ligia Amadio, maestra que subverte o mundo machista da reg\u00eancia<\/a><\/p>\n<p><a href=\"https:\/\/appa.art.br\/2023\/03\/03\/no-dia-internacional-da-mulher-ligia-amadio-realiza-seu-primeiro-concerto-como-regente-titular-da-orquestra-sinfonica-de-minas-gerais\/\">Mar 2023: APPA &#8211; NO DIA INTERNACIONAL DA MULHER: LIGIA AMADIO REALIZA PRIMEIRO CONCERTO COMO REGENTE TITULAR DA OSMG<\/a><\/p>\n<p><a href=\"https:\/\/fcs.mg.gov.br\/eventos\/sinfonica-em-concerto-concertos-da-liberdade-dia-internacional-da-mulher\/?fbclid=IwAR0fe0ll55lJTeeytki0zP0SZYwqWv4zEWu5lQ2M6TxxgQblmmFaaBqzl_Q\">Mar 2023: Munda\u00e7\u00e3o Cl\u00f3vis Salgado &#8211; Sinf\u00f4nica em Concerto | Concertos da Liberdade: DIA INTERNACIONAL DA MULHER<\/a><\/p>\n<p><a href=\"https:\/\/www.diariodoaco.com.br\/noticia\/0104747-pela-primeira-vez-maestra-e-titular-na-regencia-da-orquestra-sinfonica-de-mg\">Mar 2023: Di\u00e1rio do A\u00e7o: Pela primeira vez, maestra \u00e9 titular na reg\u00eancia da Orquestra Sinf\u00f4nica de MG<\/a><\/p>\n<p><a href=\"https:\/\/www.agenciaminas.mg.gov.br\/noticia\/ligia-amadio-e-primeira-mulher-como-regente-titular-da-orquestra-sinfonica-de-minas-gerais\">Mar 2023: Ag\u00eancia Minas:Ligia Amadio \u00e9 primeira mulher como regente titular da Orquestra Sinf\u00f4nica de Minas Gerais<\/a><\/p>\n<p><a href=\"https:\/\/www.hojeemdia.com.br\/entretenimento\/ligia-amadio-e-1-mulher-regente-titular-da-orquestra-sinfonica-de-minas-1.950569\">Mar 2023: Hoje Em Dia &#8211; Ligia Amadio \u00e9 1\u00aa mulher regente titular da Orquestra Sinf\u00f4nica de Minas<\/a><\/p>\n<p><a href=\"https:\/\/www.jornaldeuberaba.com.br\/noticia\/44764\/ligia-amadio-e-primeira-mulher-como-regente-titular-da-orquestra-sinfonica-de-minas-gerais\">Mar 2023: Jornal Uberaba &#8211; Ligia Amadio \u00e9 primeira mulher como regente titular da Orquestra Sinf\u00f4nica de Minas Gerais<\/a><\/p>\n<p><a href=\"https:\/\/portalamirt.com.br\/orquestra-sinfonica-de-minas-gerais-vai-ter-primeira-mulher-regente-em-46-anos\/\">Mar 2023: Portal Amirt &#8211; Orquestra Sinf\u00f4nica de Minas Gerais vai ter primeira mulher regente em 46 anos<\/a><\/p>\n<p><a href=\"https:\/\/blogdopco.com.br\/fique-por-dentro\/maestra-ligia-amadio-estreia-no-comando-da-sinfonica-de-mg\/\">Mar 2023: Blog do PCO &#8211; Maestra Ligia Amadio estreia no comando da Sinf\u00f4nica de MG<\/a><\/p>\n<p><a href=\"https:\/\/www.concerto.com.br\/noticias\/politica-cultural\/ligia-amadio-e-nova-regente-titular-da-orquestra-sinfonica-de-minas\">Feb 2023: CONCERTO &#8211; Ligia Amadio \u00e9 a nova regente titular da Orquestra Sinf\u00f4nica de Minas Gerais<\/a><\/p>\n<p><strong>Press 2022<\/strong><\/p>\n<p><a href=\"http:\/\/ligiaamadio.net\/a\/dec-2022-um-regreso-esperado\/\">Dec 2022: Um Regreso Esperado &#8211; Sinf\u00f3nica<\/a><\/p>\n<p><a href=\"http:\/\/ligiaamadio.net\/a\/dec-2022-concierto-16-de-la-o-f-b-a-teatro-colon-dvorak-lili-boulanger-sibelius-virtuosismo-y-generosidad-en-buena-compania\/\">Dec 2022: Concierto 16 de la O.F.B.A. \u2013 Teatro Col\u00f3n (Dvo\u0159\u00e1k, Lili Boulanger, Sibelius): virtuosismo y generosidad en buena compa\u00f1\u00eda\u2026 &#8211; By Battaglia<\/a><\/p>\n<p><strong>Press 2021<\/strong><\/p>\n<p><a href=\"http:\/\/ligiaamadio.net\/a\/press-oct-2021-elas-no-podio-mundi\/\">Oct 2021: Elas no P\u00f3dio &#8211; Mundi<\/a><\/p>\n<p><strong>Press 2018<\/strong><\/p>\n<p><a href=\"http:\/\/ligiaamadio.net\/a\/press-jan-2018-the-finest-night-pelleas-and-melisande-music-journal\/\" target=\"_blank\" rel=\"noopener\">Jan 2018: The Finest Night: Pell\u00e9as and M\u00e9lisande &#8211; Music Journal\u00a0<\/a><\/p>\n<p><strong>Press 2017<\/strong><\/p>\n<p><a href=\"http:\/\/www.granvalparaiso.cl\/cultura\/carminazo\/\" target=\"_blank\" rel=\"noopener\">20 jul 2017: Carminazo &#8211; Grande Valparaiso<\/a><\/p>\n<p><a href=\"http:\/\/www.elmostrador.cl\/cultura\/2017\/07\/06\/maestra-brasilena-toma-la-batuta-de-carmina-burana-en-el-teatro-de-la-u-de-chile\/\" target=\"_blank\" rel=\"noopener\">6 jul 2017: Maestra brasile\u00f1a toma la batuta de &#8220;Carmina Burana&#8221; en el Teatro de la U. de Chile &#8211; El Mostrador<\/a><\/p>\n<p><a href=\"http:\/\/www.uchile.cl\/agenda\/134711\/concierto-de-la-orquesta-y-coro-sinfonico-carmina-burana\" target=\"_blank\" rel=\"noopener\">6 jul 2017: Concert Orchestra e Coro Sinf\u00f3nico: &#8220;Carmina Burana&#8221; de Carl Orff &#8211; Universidad de Chile<\/a><\/p>\n<p><a href=\"https:\/\/digital.elmercurio.com\/2017\/07\/05\/A\/PU363TI4\" target=\"_blank\" rel=\"noopener\">5 jul 2017: Vuelve la incombustible &#8220;Carmina Burana&#8221; &#8211; El Mercurio<\/a><\/p>\n<p><a href=\"http:\/\/latendencia.cl\/2017\/07\/04\/cultura-espectaculos\/carmina-burana-marca-el-reencuentro-de-la-directora-ligia-amadio-con-la-sinfonica\/\" target=\"_blank\" rel=\"noopener\">4 jul 2017: &#8220;Carmina Burana&#8221; marca o reencontro do diretor Ligia Amadio com o Symphony &#8211; La Tendencia<\/a><\/p>\n<p><a href=\"https:\/\/musica.uol.com.br\/noticias\/efe\/2017\/01\/31\/brasileira-sera-1-mulher-a-dirigir-a-orquestra-filarmonica-de-montevideu.htm\" target=\"_blank\" rel=\"noopener\">31 jan 2017: Brasileira ser\u00e1 1\u00aa mulher a dirigir a Orquestra Filarm\u00f4nica de Montevid\u00e9u &#8211; UOL<\/a><\/p>\n<p><a href=\"https:\/\/musica.terra.com.br\/brasileira-sera-1-mulher-a-dirigir-a-orquestra-de-filarmonica-de-montevideu,ee31ddc860d7570725a1d8c718bfe404jwrh4sd5.html\" target=\"_blank\" rel=\"noopener\">31 jan 2017: Brasileira ser\u00e1 1\u00aa mulher a dirigir a Orquestra de Filarm\u00f4nica de Montevid\u00e9u &#8211; Terra M\u00fasica<\/a><\/p>\n<p><a href=\"https:\/\/article.wn.com\/view\/2017\/01\/31\/La_maestra_Ligia_Amadio_asume_la_direccion_de_la_Orquesta_Fi\/\" target=\"_blank\" rel=\"noopener\">31 jan 2017: La maestra Ligia Amadio asume la direcci\u00f3n de la Orquesta Filarm\u00f3nica de Montevideo &#8211; WN<\/a><\/p>\n<p><strong>Press 2016\u00a0<\/strong><\/p>\n<p><a href=\"http:\/\/jornadaonline.com\/tiempo_libre\/170726-ligia-amadio-dirige-la-orquesta-filarmonica-de-montevideo\" target=\"_blank\" rel=\"noopener\">12 dec 2016: Ligia Amadio dirige la Orquesta Filarm\u00f3nica de Montevideo &#8211; Diario Jornada<\/a><a href=\"http:\/\/ligiaamadio.net\/a\/revista-concerto\/\" target=\"_blank\" rel=\"noopener\">16 nov 2016: Abrindo Caminhos &#8211; Revista Concerto\u00a0<\/a><\/p>\n<p><a href=\"http:\/\/www.mujermujer.com.uy\/entrevistas\/212_la-primera-mujer-en-dirigir-la-filarmonica\/\" target=\"_blank\" rel=\"noopener\">7 nov 2016: La primera mujer en dirigir la Filarm\u00f3nica &#8211; MujerMujer<\/a><\/p>\n<p><a href=\"http:\/\/orquestafilarmonica.montevideo.gub.uy\/node\/26\" target=\"_blank\" rel=\"noopener\">24 oct 2016: Ligia Amadio ser\u00e1 la nueva Directora art\u00edstica &#8211; Orquesta Filarmonica de Montevideo<\/a><\/p>\n<p><a href=\"http:\/\/www.musicaesociedade.com.br\/mulheres-regentes\/\" target=\"_blank\" rel=\"noopener\">21 oct 2016: I Simp\u00f3sio Internacional Mulheres Regentes: uma v\u00eddeo reportagem do M\u00fasica e Sociedade &#8211; M\u00fasica e Sociedade<\/a><\/p>\n<p><a href=\"http:\/\/www.elpais.com.uy\/divertite\/musica\/mujer-frente-orquesta-cambios-filarmonica.html\" target=\"_blank\" rel=\"noopener\">4 oct 2016: Una mujer al frente de la orquesta &#8211; El Pais<\/a><\/p>\n<p><a href=\"http:\/\/napontadabatuta.blogspot.com.br\/2016\/09\/diva-brasileira.html?m=1\" target=\"_blank\" rel=\"noopener\">17 sep 2016: Diva &#8211; Na Ponta da Batuta<\/a><\/p>\n<p><a href=\"http:\/\/blogs.jornaldaparaiba.com.br\/silvioosias\/2016\/08\/17\/ligia-amadio-rege-sinfonica-da-paraiba-nesta-quinta\/\" target=\"_blank\" rel=\"noopener\">18 aug 2016: Ligia Amadio rege Sinf\u00f4nica da Para\u00edba nesta quinta &#8211; Jornal da Para\u00edba <\/a><\/p>\n<p><a href=\"http:\/\/www.portalcorreio.com.br\/entretenimento\/entretenimento\/mais-entretenimento\/2016\/08\/16\/NWS,282840,62,415,ENTRETENIMENTO,2192-SINFONICA-APRESENTA-CONCERTO-MULHERES-REGENTES-QUINTA.aspx\" target=\"_blank\" rel=\"noopener\">18 aug 2016: Sinf\u00f4nica da PB apresenta concerto &#8216;Mulheres Regentes&#8217; nesta quinta, em JP &#8211; Portal Correio<\/a><\/p>\n<p><a href=\"http:\/\/www.agendaparaiba.com\/orquestra-sinfonica-da-paraiba-apresenta-concerto-com-regencia-de-ligia-amadio\/\" target=\"_blank\" rel=\"noopener\">18 aug 2016: Orquestra Sinf\u00f4nica da Para\u00edba apresenta concerto com reg\u00eancia de Ligia Amadio &#8211; Agenda Para\u00edba<\/a><\/p>\n<p><a href=\"http:\/\/www.orquesta.uncu.edu.ar\/ligia-amadio-vuelve-a-dirigir-la-sinfonica\" target=\"_blank\" rel=\"noopener\">29 apr 2016: Ligia Amadio redireciona Symphony &#8211; Orquesta<\/a><\/p>\n<p><a href=\"http:\/\/www.unidiversidad.com.ar\/ligia-amadio-vuelve-a-dirigir-a-la-sinfonica\" target=\"_blank\" rel=\"noopener\">29 apr 2016: Ligia Amadio redireciona o Symphony &#8211; Unidiversidad<\/a><\/p>\n<p><a href=\"http:\/\/www.uncuyo.edu.ar\/extension\/la-orquesta-sinfonica-presenta-el-cuarto-concierto-del-ciclo-la-musica-que-sorprendio-al-mundo\" target=\"_blank\" rel=\"noopener\">29 apr 2016: La Orquesta Sinf\u00f3nica presenta el cuarto concierto del Ciclo \u201cLa m\u00fasica que sorprendi\u00f3 al mundo\u201d &#8211; UnCuyo<\/a><\/p>\n<p><a href=\"http:\/\/www.losandes.com.ar\/article\/ligia-amadio-vivi-varias-vidas-en-una\" target=\"_blank\" rel=\"noopener\">24 apr 2016: Viv\u00ed varias vidas en una &#8211; Los Andes<\/a><\/p>\n<p><a href=\"http:\/\/www.clasicacordoba.com.ar\/2016\/04\/15\/el-publico-argentino-demanda-calidad\/\" target=\"_blank\" rel=\"noopener\">15 apr 2016: O argentino qualidade demandas p\u00fablicas &#8211; Cl\u00e1sica C\u00f3rdoba<\/a><\/p>\n<p><a href=\"http:\/\/www.cencultu.com.ar\/evento-1332-concierto-de-la-orquesta-sinfonica-provincial.html\" target=\"_blank\" rel=\"noopener\">15 apr 2016: Concerto Provincial\u00a0Orquestra Sinf\u00f4nica \u2013 Cencultu<\/a><\/p>\n<p><a href=\"http:\/\/plateasantafe.com.ar\/detalleagenda\/9813\" target=\"_blank\" rel=\"noopener\">15 apr 2016: Orquesta Sinf\u00f3nica Provincial \u2013 Plate Santa Fe<\/a><\/p>\n<p><a href=\"http:\/\/www.ellitoral.com\/index.php\/diarios\/2016\/04\/10\/escenariosysociedad\/SOCI-04.html\" target=\"_blank\" rel=\"noopener\">15 apr 2016: Concerto New Symphony \u2013 El Litoral<\/a><\/p>\n<p><a href=\"http:\/\/www.fdcsales.com\/2016\/02\/03\/concierto-de-gala-corazon-azul-contra-la-trata-de-personas\/\" target=\"_blank\" rel=\"noopener\">17 mar 2016:\u00a0Gala Concerto do Cora\u00e7\u00e3o Azul Contra o Tr\u00e1fico Humano \u2013 FDC<\/a>[\/vc_column_text][vc_column_text]<strong>Press 2015\u00a0<\/strong><\/p>\n<p><a href=\"http:\/\/correio.rac.com.br\/_conteudo\/2015\/09\/entretenimento\/385629-papo-c-com-a-maestrina-ligia-amadio.html\" target=\"_blank\" rel=\"noopener\">26 sep 2015: Maestrina Ligia Amadio Conversa com o Correio &#8211; Correio Popular<\/a><\/p>\n<p><a href=\"http:\/\/ligiaamadio.net\/a\/news-26-sep-2015-correio-popular\/\" target=\"_blank\" rel=\"noopener\">26 sep 2015: Uma Oitava Acima &#8211; Correio Popular<\/a><\/p>\n<p><a href=\"http:\/\/operaeballet.blogspot.com.br\/2015\/06\/ligia-amadio-iceland-symphony-orchestra.html\" target=\"_blank\" rel=\"noopener\">11 jun 2015: Iceland Symphone Orchestra &#8211; \u00d3pera &amp; Ballet<\/a><\/p>\n<p><a href=\"http:\/\/operaeballet.blogspot.com.br\/2015\/05\/as-mulheres-da-islandia-artigo-de.html\" target=\"_blank\" rel=\"noopener\">11 jun 2015: As Mulheres da Isl\u00e2ndia\u00a0&#8211;\u00a0\u00d3pera &amp; Ballet<\/a><\/p>\n<p><a href=\"http:\/\/www.whatson.is\/event\/titans-and-trailblazers-harpa\/\" target=\"_blank\" rel=\"noopener\">11 jun 2015: Titans and Trailblazers @ Harpa &#8211; What&#8217;s On<\/a><\/p>\n<p><a href=\"http:\/\/www.sinfonia.is\/en\/concerts\/nr\/2547\" target=\"_blank\" rel=\"noopener\">11 jun 2015: Titans and Trailblazers &#8211; Sinfonia.is<\/a><\/p>\n<p><a href=\"http:\/\/www.conexaojornalismo.com.br\/colunas\/cultura\/novasmidias\/maestrina-ligia-amadio-fala-com-conexao-jornalismo-sobre-seu-concerto-no-libano-videos-67-38956\" target=\"_blank\" rel=\"noopener\">15 may 2015: Maestrina Ligia Amadio fala com Conex\u00e3o Jornalismo sobre seu concerto no L\u00edbano &#8211; Conex\u00e3o Jornalismo<\/a><\/p>\n<p><a href=\"http:\/\/www.lt10digital.com.ar\/noticia\/idnot\/229660\/ligiaamadiofrentealasinfonicasantafesina.html\" target=\"_blank\" rel=\"noopener\">18 apr 2015: Ligia Amadio frente a la Sinf\u00f3nica santafesina &#8211; lt10digital\u00a0<\/a><\/p>\n<p><a href=\"https:\/\/www.santafe.gov.ar\/noticias\/noticia\/212490\/\" target=\"_blank\" rel=\"noopener\">18 apr 2015: Ligia Amadio frente a la Sinf\u00f3nica santafesina &#8211; Santafe<\/a><\/p>\n<p><a href=\"http:\/\/www.ellitoral.com\/index.php\/id_um\/112129-el-rol-de-directora-es-un-desafio-para-las-mujeres\" target=\"_blank\" rel=\"noopener\">18 apr 2015: Ligia Amadio: \u201cEl rol de directora es un desaf\u00edo para las mujeres\u201d &#8211; El Litoral<\/a><\/p>\n<p><a href=\"http:\/\/www.uypress.net\/uc_59308_1.html\" target=\"_blank\" rel=\"noopener\">11 apr 2015: Este s\u00e1bado Tchaikovsky y Scriabin por la Sinf\u00f3nica &#8211; UY Press<\/a><\/p>\n<p><a href=\"http:\/\/www.cartelera.com.uy\/averespectaculo.aspx?12441,0,59\" target=\"_blank\" rel=\"noopener\">11 apr 2015: Temporada 2015 de la OSSODRE &#8211; Cartelera<\/a><\/p>\n<p><a href=\"http:\/\/www.oconciergepb.com.br\/agenda-cultural\/orquestra-sinfonica-realiza-concerto-em-homenagem-as-mulheres-com-maestrina-ligia-amadio\/\" target=\"_blank\" rel=\"noopener\">19 mar 2015: Orquestra Sinf\u00f4nica realiza concerto em homenagem \u00e0s mulheres com maestrina Ligia Amadio &#8211; O Concierge<\/a><\/p>\n<p><a href=\"http:\/\/portalcorreio.uol.com.br\/entretenimento\/entretenimento\/mais-entretenimento\/2015\/03\/13\/NWS,255963,62,415,ENTRETENIMENTO,2192-ORQUESTRA-SINFONICA-REALIZA-CONCERTO-HOMENAGEM-MULHERES-CAPITAL.aspx\" target=\"_blank\" rel=\"noopener\">19 mar 2015: Orquestra Sinf\u00f4nica realiza concerto em homenagem \u00e0s mulheres, na Capital &#8211; Portal Correio<\/a><\/p>\n<p><a href=\"http:\/\/www.redetribuna.com.br\/online\/noticia\/2999\/entretenimento\/maestrina-rege-pela-1-vez-orquestra-sinfonica-do-es\" target=\"_blank\" rel=\"noopener\">26 feb 2015: Maestrina rege pela 1\u00aa vez a OSES &#8211; Rede Tribuna<\/a><\/p>\n<p><a href=\"http:\/\/www.soues.com.br\/plus\/modulos\/noticias\/ler.php?cdnoticia=1834&amp;categoria=1\" target=\"_blank\" rel=\"noopener\">26 feb 2015: Sinf\u00f4nica do ES se apresenta com maestrina pela primeira vez &#8211; Sou ES<\/a><\/p>\n<p><a href=\"http:\/\/www.secult.es.gov.br\/noticias\/22011\/sinfonica-do-es-se-apresenta-com-uma-maestrina-pela-primeira-vez-em-sua-historia.html\" target=\"_blank\" rel=\"noopener\">26 feb 2015: Sinf\u00f4nica do ES se apresenta com uma maestrina pela primeira vez em sua hist\u00f3ria &#8211; Governo do Esp\u00edrito Santo<\/a><\/p>\n<p><a href=\"http:\/\/www.oem.com.mx\/elmexicano\/notas\/n3696873.htm\" target=\"_blank\" rel=\"noopener\">06 feb 2015: Javier Camarena y los grandes de la l\u00edrica mexicana, juntos en Bogot\u00e1 &#8211; El Mexicano<\/a><\/p>\n<p><a href=\"http:\/\/www.cronica.com.mx\/notas\/2015\/878426.html\" target=\"_blank\" rel=\"noopener\">06 feb 2015: Gala mexicana abre temporada de la Filarm\u00f3nica de Colombia &#8211; Cr\u00f3nica MX<\/a><\/p>\n<p><a href=\"http:\/\/bogota.revistadc.com.co\/?os_dc_musica=javier-camarena-y-los-grandes-de-la-lirica-mexicana\" target=\"_blank\" rel=\"noopener\">06 feb 2015: Javier Camarena y los grandes de la l\u00edrica mexicana &#8211; Revista DC<\/a><\/p>\n<p><a href=\"http:\/\/www.ugto.mx\/ugcomunica\/noticias\/6832-javier-camarena-ofrecera-recital-acompanado-de-la-filarmonica-de-bogota\" target=\"_blank\" rel=\"noopener\">06 feb 2015: Javier Camarena ofrecer\u00e1 recital acompa\u00f1ado de la Filarm\u00f3nica de Bogot\u00e1 &#8211; Universidad de Guanajuato<\/a><\/p>\n<p><a href=\"http:\/\/revistadiners.com.co\/ocio\/22206_javier-camarena-da-inicio-la-temporada-2015-de-la-ofb\/\" target=\"_blank\" rel=\"noopener\">06 feb 2015: Javier Camarena da inicio a la temporada 2015 de la OFB &#8211; Revista Diners<\/a><\/p>\n<p><a href=\"http:\/\/www.jornada.unam.mx\/ultimas\/2015\/02\/03\/el-tenor-mexicano-javier-camarena-ofrecera-recital-en-bogota-colombia-5033.html\" target=\"_blank\" rel=\"noopener\">06 feb 2015: El tenor mexicano Javier Camarena ofrecer\u00e1 recital en Bogot\u00e1, Colombia &#8211; La Jornada<\/a><\/p>\n<p><a href=\"http:\/\/www.sinembargo.mx\/06-02-2015\/1241917\" target=\"_blank\" rel=\"noopener\">06 feb 2015: Javier Camarena y los grandes de la l\u00edrica mexicana, juntos en Bogot\u00e1 &#8211; Sin Embargo<\/a><\/p>\n<p><a href=\"http:\/\/www.elfiltro.co\/gala-lirica-mexicana-abre-temporada-2015-de-la-orquesta-filarmonica-de-bogota\/\" target=\"_blank\" rel=\"noopener\">06 feb 2015: Gala l\u00edrica mexicana, abre temporada 2015 de la Orquesta Filarm\u00f3nica de Bogot\u00e1 &#8211; El Filtro<\/a><\/p>\n<p><a href=\"http:\/\/www.eltiempo.com\/entretenimiento\/arte-y-teatro\/javier-camarena-el-senor-do-de-pecho\/15191615\" target=\"_blank\" rel=\"noopener\">06 feb 2015: El Teatro Mayor recibir\u00e1 a Javier Camarena, el se\u00f1or &#8216;Do de pecho&#8217; &#8211; El Tiempo<\/a><\/p>\n<p><a href=\"http:\/\/www.teatromayor.org\/evento\/orquesta-filarmonica-de-bogota-javier-camarena-y-los-grandes-de-la-lirica-mexicana-colombia-0\" target=\"_blank\" rel=\"noopener\">06 feb 2015: Javier Camarena y los grandes de la l\u00edrica mexicana &#8211; Teatro Mayor<\/a><\/p>\n<p><a href=\"http:\/\/www.secult.es.gov.br\/noticias\/22011\/sinfonica-do-es-se-apresenta-com-uma-maestrina-pela-primeira-vez-em-sua-historia.html\" target=\"_blank\" rel=\"noopener\">06 feb 2015: Orquestra filarm\u00f4nica far\u00e1 apresenta\u00e7\u00f5es com reg\u00eancia feminina &#8211; S\u00e9culo Di\u00e1rio<\/a><\/p>\n","protected":false},"excerpt":{"rendered":"<p>Press 2023 Dec 2023: Folha de S\u00e3o Paulo &#8211; Quem \u00e9 Ligia Amadio, [&hellip;]<\/p>\n","protected":false},"author":1,"featured_media":0,"parent":0,"menu_order":0,"comment_status":"closed","ping_status":"closed","template":"","meta":{"footnotes":""},"class_list":["post-1490","page","type-page","status-publish","hentry"],"_links":{"self":[{"href":"http:\/\/ligiaamadio.net\/a\/wp-json\/wp\/v2\/pages\/1490","targetHints":{"allow":["GET"]}}],"collection":[{"href":"http:\/\/ligiaamadio.net\/a\/wp-json\/wp\/v2\/pages"}],"about":[{"href":"http:\/\/ligiaamadio.net\/a\/wp-json\/wp\/v2\/types\/page"}],"author":[{"embeddable":true,"href":"http:\/\/ligiaamadio.net\/a\/wp-json\/wp\/v2\/users\/1"}],"replies":[{"embeddable":true,"href":"http:\/\/ligiaamadio.net\/a\/wp-json\/wp\/v2\/comments?post=1490"}],"version-history":[{"count":38,"href":"http:\/\/ligiaamadio.net\/a\/wp-json\/wp\/v2\/pages\/1490\/revisions"}],"predecessor-version":[{"id":2584,"href":"http:\/\/ligiaamadio.net\/a\/wp-json\/wp\/v2\/pages\/1490\/revisions\/2584"}],"wp:attachment":[{"href":"http:\/\/ligiaamadio.net\/a\/wp-json\/wp\/v2\/media?parent=1490"}],"curies":[{"name":"wp","href":"https:\/\/api.w.org\/{rel}","templated":true}]}}