{"id":159,"date":"2014-08-29T15:51:49","date_gmt":"2014-08-29T15:51:49","guid":{"rendered":"http:\/\/50.62.188.111\/~ligiaamadio\/?page_id=159"},"modified":"2026-03-28T21:58:45","modified_gmt":"2026-03-28T21:58:45","slug":"curriculum-portugues","status":"publish","type":"page","link":"http:\/\/ligiaamadio.net\/a\/curriculum-portugues\/","title":{"rendered":"Ligia Amadio &#8211; Portugu\u00eas"},"content":{"rendered":"<h4>Ligia Amadio \u00e9 uma das mais destacadas regentes brasileiras da atualidade. Notabilizou-se internacionalmente por sua reconhecida exig\u00eancia art\u00edstica, seu carisma e suas vibrantes performances. Sua atua\u00e7\u00e3o estende-se por: Alemanha, Argentina, \u00c1ustria, Bol\u00edvia, Chile, Col\u00f4mbia, Cro\u00e1cia, Cuba, Eslov\u00eania, Estados Unidos, Fran\u00e7a, Isl\u00e2ndia, Israel, It\u00e1lia, Jap\u00e3o, Holanda, Hungria, L\u00edbano, M\u00e9xico, Peru, Portugal, Rep\u00fablica Tcheca, R\u00fassia, S\u00e9rvia, Tail\u00e2ndia e Venezuela.<\/h4>\n<h4>Premiada no c\u00e9lebre Concurso Internacional de T\u00f3quio (1997) e no II Concurso Latino-Americano para Regentes de Orquestra em Santiago do Chile (1998), em 2001 recebeu o pr\u00eamio \u201cMelhor Regente do Ano\u201d no Brasil, outorgado pela Associa\u00e7\u00e3o Paulista de Cr\u00edticos de Arte.<\/h4>\n<h4>Ligia Amadio atuou como regente titular e diretora art\u00edstica da Orquestra Sinf\u00f4nica Nacional, entre 1996 e 2009. Por seu dedicado labor na dire\u00e7\u00e3o da OSN, recebeu o t\u00edtulo de &#8220;Cidad\u00e3o Niteroiense&#8221;, em 2003, e a Comenda da Ordem do M\u00e9rito da Cidade de Niter\u00f3i, no grau de Grande Oficial, em 2005. Entre 2000 e 2003, ocupou a fun\u00e7\u00e3o de regente titular da Orquestra Sinf\u00f4nica da Universidade Nacional de Cuyo, em Mendoza, Argentina. Em 2003 recebeu os pr\u00eamios Lira \u00e0 Excel\u00eancia e Ra\u00edzes, devido a seu trabalho \u00e0 frente dessa orquestra. Em 2009, Ligia Amadio desempenhou-se como diretora art\u00edstica e regente titular da Orquestra Sinf\u00f4nica Municipal de Campinas, sendo laureada com a Medalha Carlos Gomes, concedida pela C\u00e2mara Municipal daquela cidade. De 2009 a 2011 desempenhou-se como regente titular da Orquestra Sinf\u00f4nica da Universidade de S\u00e3o Paulo (OSUSP). Em 2011, Ligia Amadio foi indicada para o pr\u00eamio Carlos Gomes em duas categorias, por seu trabalho \u00e0 frente da OSUSP, e, em 2012, foi finalmente premiada na categoria \u201cRegente\u201d, \u201cpelo excelente trabalho com a Orquestra Sinf\u00f4nica da USP\u201d. Entre 2010 e 2014 ocupou a dire\u00e7\u00e3o titular e art\u00edstica da Orquestra Filarm\u00f4nica de Mendoza. Para todos esses cargos, Ligia Amadio foi eleita pelos integrantes das respectivas orquestras.<\/h4>\n<h4>Em 2014 exerceu o cargo de regente titular da Orquestra Filarm\u00f4nica de Bogot\u00e1, realizando uma temporada completa dedicada \u00e0 M\u00fasica do S\u00e9culo XX. Regeu um total de 42 concertos aclamados pelo p\u00fablico e pela cr\u00edtica especializada, devotados \u00e0 m\u00fasica contempor\u00e2nea. Em 2016 foi eleita pelos m\u00fasicos para o cargo de regente titular na Orquestra Sinf\u00f4nica de Santa Fe, na Argentina, e na Orquestra Filarm\u00f4nica de Montevid\u00e9u, no Uruguai. A partir de 2017 assume o cargo de regente titular e diretora art\u00edstica da Filarm\u00f4nica de Montevid\u00e9u.<\/h4>\n<h4>Sua discografia re\u00fane 11 CDs e 5 DVDs: \u00e0 frente da Sinf\u00f4nica Nacional, da Sinf\u00f4nica da R\u00e1dio e Televis\u00e3o Eslovenas e da Sinf\u00f4nica de Mendoza, na Argentina. Entre eles, destaca-se a realiza\u00e7\u00e3o da cole\u00e7\u00e3o M\u00fasica Brasileira no Tempo.<\/h4>\n<h4>Ligia Amadio iniciou sua forma\u00e7\u00e3o musical aos cinco anos de idade sob a orienta\u00e7\u00e3o da profa. Maria Cristina da Ponta Fiore. Realizou estudos regulares no Col\u00e9gio Dante Alighieri e, ap\u00f3s haver conclu\u00eddo o curso de Engenharia de Produ\u00e7\u00e3o na Escola Polit\u00e9cnica da Universidade de S\u00e3o Paulo (USP), em 1985, realizou o Bacharelado em M\u00fasica \u2013 com habilita\u00e7\u00e3o em reg\u00eancia \u2013 e o Mestrado em Artes na Universidade Estadual de Campinas (UNICAMP). No Brasil, seus principais mentores foram Henrique Gregori, Eleazar de Carvalho, H.J.Koellreutter e Almeida Prado.<\/h4>\n<h4>Sua forma\u00e7\u00e3o tamb\u00e9m incluiu os mais importantes cursos internacionais de reg\u00eancia orquestral: Accademia Chigiana (It\u00e1lia), International Bart\u00f3k Seminar (Hungria), Wiener Meisterk\u00fcrse f\u00fcr Musik (\u00c1ustria), International Opera Workshop (Rep\u00fablica Tcheca), Peter the Great International Workshop (R\u00fassia), Curso Interamericano para Jovenes Directores de Orquesta (Venezuela), Curso Latino-Americano de Reg\u00eancia Orquestral (S\u00e3o Paulo) e Kirill Kondrashin Masterclass (Holanda), onde foi premiada, regendo no Concertgebouw de Amsterdam, a Netherlans Radio Television Symphony Orchestra. Nesses cursos, teve como professores: Ferdinand Leitner, Dominique Rouits, Julius Kalmar, Georg Tintner, Alexander Politshuk, Guillermo Scarabino, Kurt Masur e Sir Edward Downes.<\/h4>\n<h4>No Brasil tem sido convidada para atuar \u00e0 frente das mais importantes orquestras, tais como: Orquestra Sinf\u00f4nica do Estado de S\u00e3o Paulo, Orquestra Sinf\u00f4nica do Teatro Municipal de S\u00e3o Paulo, Orquestra Sinf\u00f4nica Brasileira, Amazonas Filarm\u00f4nica, Orquestra Filarm\u00f4nica de Minas Gerais, Orquestra Sinf\u00f4nica do Estado do Paran\u00e1, Orquestra Sinf\u00f4nica de Porto Alegre, Orquestra Sinf\u00f4nica do Esp\u00edrito Santo, orquestra Sinf\u00f4nica do Teatro S\u00e3o Pedro, Orquestra Sinf\u00f4nica do Teatro Nacional Claudio Santoro, Orquestra Sinf\u00f4nica Petrobr\u00e1s Pr\u00f3-M\u00fasica e Orquestra Sinf\u00f4nica da Para\u00edba.<\/h4>\n<h4>Entre as in\u00fameras orquestras que dirigiu em outros pa\u00edses, deve-se mencionar: Arpeggione St\u00e4dtisches Kammerorchester, Baden-Badener Philharmonie, Ensemble Contrechamps, Filarm\u00f3nica de Bogot\u00e1, Filharmonia Czestochowa, Iceland Symphony Orchestra, Israel Chamber Orchestra, Jerusal\u00e9m Symphony Orchestra, Lebanese Philharmonic Orchestra, Netherlands Radio Symphony Orchestra, Orkiestr\u0119 Symfoniczn\u0105 Filharmonii Szczeci\u0144skiej, Orquesta del Teatro Argentino de la Plata, Orquesta Estable del Teatro Col\u00f3n, Orquesta Filarm\u00f3nica de Buenos Aires, Orquesta Sinf\u00f3nica de Salta, Orquesta Sinf\u00f3nica del Estado de M\u00e9xico, Orquesta Sinf\u00f3nica del SODRE, Orquesta Sinf\u00f3nica Nacional de Bolivia, Orquesta Sinf\u00f3nica Nacional de Chile, Orquesta Sinf\u00f3nica Nacional de Peru, Orquestra Filarm\u00f4nica Nacional da Mold\u00e1via, Savaria Symphony Orchestra, Silesian Opera Orchestra, Simfoniki RTV Slovenija, Thailand Philarmonic Orchestra, The Congress Symphony Orchestra, Tokyo City Philharmonic Orchestra.<\/h4>\n","protected":false},"excerpt":{"rendered":"<p>Ligia Amadio \u00e9 uma das mais destacadas regentes brasileiras da atualidade. Notabilizou-se internacionalmente [&hellip;]<\/p>\n","protected":false},"author":1,"featured_media":0,"parent":0,"menu_order":0,"comment_status":"open","ping_status":"open","template":"","meta":{"footnotes":""},"class_list":["post-159","page","type-page","status-publish","hentry"],"_links":{"self":[{"href":"http:\/\/ligiaamadio.net\/a\/wp-json\/wp\/v2\/pages\/159","targetHints":{"allow":["GET"]}}],"collection":[{"href":"http:\/\/ligiaamadio.net\/a\/wp-json\/wp\/v2\/pages"}],"about":[{"href":"http:\/\/ligiaamadio.net\/a\/wp-json\/wp\/v2\/types\/page"}],"author":[{"embeddable":true,"href":"http:\/\/ligiaamadio.net\/a\/wp-json\/wp\/v2\/users\/1"}],"replies":[{"embeddable":true,"href":"http:\/\/ligiaamadio.net\/a\/wp-json\/wp\/v2\/comments?post=159"}],"version-history":[{"count":49,"href":"http:\/\/ligiaamadio.net\/a\/wp-json\/wp\/v2\/pages\/159\/revisions"}],"predecessor-version":[{"id":2580,"href":"http:\/\/ligiaamadio.net\/a\/wp-json\/wp\/v2\/pages\/159\/revisions\/2580"}],"wp:attachment":[{"href":"http:\/\/ligiaamadio.net\/a\/wp-json\/wp\/v2\/media?parent=159"}],"curies":[{"name":"wp","href":"https:\/\/api.w.org\/{rel}","templated":true}]}}