{"id":1941,"date":"2016-04-06T15:07:34","date_gmt":"2016-04-06T15:07:34","guid":{"rendered":"http:\/\/ligiaamadio.net\/a\/?page_id=1941"},"modified":"2016-04-06T17:55:40","modified_gmt":"2016-04-06T17:55:40","slug":"curso-de-regencia","status":"publish","type":"page","link":"http:\/\/ligiaamadio.net\/a\/curso-de-regencia\/","title":{"rendered":"Curso de reg\u00eancia"},"content":{"rendered":"<p>[vc_row][vc_column][vc_facebook type=&#8221;button_count&#8221;][vc_column_text]<\/p>\n<h2 style=\"text-align: center;\"><strong>Curso de Reg\u00eancia Orquestral<\/strong><\/h2>\n<p style=\"text-align: center;\">Um curso de reg\u00eancia orquestral ministrado pela Maestrina Ligia Amadio, abordando aspectos da t\u00e9cnica gestual, da an\u00e1lise de partituras, da hist\u00f3ria da m\u00fasica, e de outros par\u00e2metros relativos \u00e0 t\u00e9cnica de ensaio, lideran\u00e7a e din\u00e2mica de grupo. Informa\u00e7\u00f5es detalhadas sobre o curso poder\u00e3o ser obtidas atrav\u00e9s do email <a href=\"mailto:canalorpheo.cultura.arte@gmail.com\" target=\"_blank\">canalorpheo.cultura.arte@gmail.com<\/a>.<\/p>\n<p style=\"text-align: center;\">In\u00edcio do curso: 07\/05\/2016 &#8211; S\u00e3o Paulo &#8211; Inscri\u00e7\u00f5es at\u00e9 o dia 22\/04\/2016<\/p>\n<p style=\"text-align: center;\">Preencha os dados no formul\u00e1rio abaixo para pr\u00e9-inscri\u00e7\u00e3o e\/ou informa\u00e7\u00f5es:<\/p>\n<p>[\/vc_column_text][vc_single_image image=&#8221;1945&#8243; img_size=&#8221;full&#8221; alignment=&#8221;center&#8221; style=&#8221;vc_box_rounded&#8221;][vc_column_text]<\/p>\n<p>[contact-form-7 id=&#8221;1940&#8243; title=&#8221;Untitled&#8221;]<\/p>\n<p>[\/vc_column_text][\/vc_column][\/vc_row]<\/p>\n","protected":false},"excerpt":{"rendered":"<p>[vc_row][vc_column][vc_facebook type=&#8221;button_count&#8221;][vc_column_text] Curso de Reg\u00eancia Orquestral Um curso de reg\u00eancia orquestral ministrado pela [&hellip;]<\/p>\n","protected":false},"author":1,"featured_media":0,"parent":0,"menu_order":0,"comment_status":"closed","ping_status":"closed","template":"template\/template-landing-page-vc.php","meta":{"footnotes":""},"class_list":["post-1941","page","type-page","status-publish","hentry"],"_links":{"self":[{"href":"http:\/\/ligiaamadio.net\/a\/wp-json\/wp\/v2\/pages\/1941","targetHints":{"allow":["GET"]}}],"collection":[{"href":"http:\/\/ligiaamadio.net\/a\/wp-json\/wp\/v2\/pages"}],"about":[{"href":"http:\/\/ligiaamadio.net\/a\/wp-json\/wp\/v2\/types\/page"}],"author":[{"embeddable":true,"href":"http:\/\/ligiaamadio.net\/a\/wp-json\/wp\/v2\/users\/1"}],"replies":[{"embeddable":true,"href":"http:\/\/ligiaamadio.net\/a\/wp-json\/wp\/v2\/comments?post=1941"}],"version-history":[{"count":9,"href":"http:\/\/ligiaamadio.net\/a\/wp-json\/wp\/v2\/pages\/1941\/revisions"}],"predecessor-version":[{"id":1954,"href":"http:\/\/ligiaamadio.net\/a\/wp-json\/wp\/v2\/pages\/1941\/revisions\/1954"}],"wp:attachment":[{"href":"http:\/\/ligiaamadio.net\/a\/wp-json\/wp\/v2\/media?parent=1941"}],"curies":[{"name":"wp","href":"https:\/\/api.w.org\/{rel}","templated":true}]}}