{"id":2326,"date":"2022-12-09T12:58:31","date_gmt":"2022-12-09T12:58:31","guid":{"rendered":"http:\/\/ligiaamadio.net\/a\/?page_id=2326"},"modified":"2022-12-09T12:59:42","modified_gmt":"2022-12-09T12:59:42","slug":"dec-2022-concierto-16-de-la-o-f-b-a-teatro-colon-dvorak-lili-boulanger-sibelius-virtuosismo-y-generosidad-en-buena-compania","status":"publish","type":"page","link":"http:\/\/ligiaamadio.net\/a\/dec-2022-concierto-16-de-la-o-f-b-a-teatro-colon-dvorak-lili-boulanger-sibelius-virtuosismo-y-generosidad-en-buena-compania\/","title":{"rendered":"Dec 2022: Concierto 16 de la O.F.B.A. \u2013 Teatro Col\u00f3n (Dvo\u0159\u00e1k, Lili Boulanger, Sibelius): virtuosismo y generosidad en buena compa\u00f1\u00eda\u2026"},"content":{"rendered":"<blockquote><p>La inspirada directora invitada Ligia Amadio dirige la decimosexta sesi\u00f3n de la Orquesta Filarm\u00f3nica de Buenos Aires con un programa que impresiona por el tecnicismo del virtuoso violonchelista Zuill Bailey:<\/p><\/blockquote>\n<p><a href=\"https:\/\/bybattaglia.com\/concierto-16-de-la-o-f-b-a-teatro-colon-dvorak-lili-boulanger-sibelius-virtuosismo-y-generosidad-en-buena-compania\/?fbclid=IwAR0aD88EG0bWN82wooylmB0KuyhH9v8zoIZoq2jAvfdM4h0Vnh6Fhr2ySco\" target=\"_blank\" rel=\"noopener\"><strong>Click to read the press. <\/strong><\/a><\/p>\n<p>&nbsp;<\/p>\n","protected":false},"excerpt":{"rendered":"<p>La inspirada directora invitada Ligia Amadio dirige la decimosexta sesi\u00f3n de la Orquesta [&hellip;]<\/p>\n","protected":false},"author":1,"featured_media":0,"parent":0,"menu_order":0,"comment_status":"closed","ping_status":"closed","template":"","meta":{"footnotes":""},"class_list":["post-2326","page","type-page","status-publish","hentry"],"_links":{"self":[{"href":"http:\/\/ligiaamadio.net\/a\/wp-json\/wp\/v2\/pages\/2326","targetHints":{"allow":["GET"]}}],"collection":[{"href":"http:\/\/ligiaamadio.net\/a\/wp-json\/wp\/v2\/pages"}],"about":[{"href":"http:\/\/ligiaamadio.net\/a\/wp-json\/wp\/v2\/types\/page"}],"author":[{"embeddable":true,"href":"http:\/\/ligiaamadio.net\/a\/wp-json\/wp\/v2\/users\/1"}],"replies":[{"embeddable":true,"href":"http:\/\/ligiaamadio.net\/a\/wp-json\/wp\/v2\/comments?post=2326"}],"version-history":[{"count":3,"href":"http:\/\/ligiaamadio.net\/a\/wp-json\/wp\/v2\/pages\/2326\/revisions"}],"predecessor-version":[{"id":2329,"href":"http:\/\/ligiaamadio.net\/a\/wp-json\/wp\/v2\/pages\/2326\/revisions\/2329"}],"wp:attachment":[{"href":"http:\/\/ligiaamadio.net\/a\/wp-json\/wp\/v2\/media?parent=2326"}],"curies":[{"name":"wp","href":"https:\/\/api.w.org\/{rel}","templated":true}]}}