{"id":824,"date":"2015-08-17T03:28:41","date_gmt":"2015-08-17T03:28:41","guid":{"rendered":"http:\/\/ligiaamadio.net\/a\/\/?page_id=824"},"modified":"2026-03-28T21:57:17","modified_gmt":"2026-03-28T21:57:17","slug":"ligia-amadio-english","status":"publish","type":"page","link":"https:\/\/ligiaamadio.net\/a\/ligia-amadio-english\/","title":{"rendered":"Ligia Amadio &#8211; English"},"content":{"rendered":"<h4>The Brazilian conductor Ligia Amadio was the first woman to win a ward in 30 years at the Tokyo International Music Competition for Conducting, in 1997. She won the first prize at the II Latin-American Competition for Conducting in Santiago, Chile, in March 1998. She has received the prize \u201cBest Conductor of the Year\u201d in Brazil, awarded by APCA (S\u00e3o Paulo Association of Critics of Art) in 2001, conducting the Orquestra Sinf\u00f4nica do Estado de S\u00e3o Paulo (OSESP). In 2012 she was distinguished again as \u201cBest Conductor\u201d by the Carlos Gomes Award, in Brazil, among another prizes.<\/h4>\n<h4>Ligia Amadio was the chief conductor of the National Symphony Orchestra, Rio de Janeiro from 1996 to 2008, elected by the musicians. Previously Miss Amadio was assistant conductor at National Theater Symphony Orchestra, Bras\u00edlia. Between October 2000 and December 2003 she was also the chief conductor of Cuyo National University\u2019s Symphony Orchestra, Mendoza, Argentina. Ligia Amadio directed the Symphony Orchestra of Campinas (Brazil) in 2009 and from August of that year, at the request of the musicians, she took the baton of OSUSP (The Symphonic Orchestra of The University of Sa\u0303o Paulo), until the end of 2012. In 2010, also at the request of the members, she was invited to take over the artistic directorship of the Philharmonic Orchestra of Mendoza, where she has been the chief conductor until 2014, when she was invited to be the Chief Conductor of the Bogot\u00e1 Philharmonic Orchestra, where developed a Season completely devoted to music of XX Century. In 2016, Amadio was elected both by the members of Santa Fe Symphony Orchestra, in Argentina, and of Montevideo Philharmonic Orchestra, in Uruguay, as the Chief Conductor and Artistic Director of the orchestras. She decided She decided not to hold both positions and will take over the direction of the Montevideo Philharmonic in 2017.<\/h4>\n<h4>Her international career began in 1992. Since then Ligia Amadio has conducted important orchestras in Argentina, Austria, Bolivia, Brazil, Colombia, Chile, Croatia, Czech Republic, French, Germany, Hungary, Iceland, Israel, Italy, Japan, Lebanon, Netherlands, Panam\u00e1, Peru, Poland, Russia, Slovenia, United States of America and Venezuela (Jerusal\u00e9m Symphony Orchestra, Netherlands Radio Symphony Orchestra, Tokyo City Philharmonic Orchestra, Simfoniki RTV Slovenija, Thailand Philarmonic Orchestra, State of S\u00e3o Paulo Symphonic Orchestra, Baden-Badener Philharmonie, Icelandic Symphony Orchestra, Lebanese Symphony Orchestra, Buenos Aires Philharmonic Orchestra, Chile National Symphony Orchestra, Icelandic Symphony Orchestra, Per\u00fa National Symphony Orchestra, Bogot\u00e1 Philharmonic Orchestra, Lebanese Philharmonic Orchestra, Orkiestr\u0119 Symfoniczn\u0105 Filharmonii Szczeci\u0144skiej, Orkiestra Symfoniczna Filharmonii Czestochowskiej, Ensemble Contrechamps, Savaria Symphony Orchestra, The Congress Symphony Orchestra, Silesian Opera Orchestra, Arpeggione St\u00e4dtisches Kammerorchester, Israel Chamber Orchestra, State of M\u00e9xico Symphony Orchestra, Sodre Symphony Orchestra, National Philharmonic of Moldova, in addition to the most important Brazilian and Argentinian orchestras).<\/h4>\n<h4>She began studying piano at the age of five and received her Diploma at the Dramatic and Musical Conservatory of S\u00e3o Paulo. She completed a degree in Production Engineering, a degree in Bachelor of Conducting and Master Degree in Arts at the State University of Campinas. At this moment, she works in her Doctorate in Music at the State University of S\u00e3o Paulo.<br \/>\nHer main conducting teachers in Brazil were Eleazar de Carvalho, Henrique Gregori, Lutero Rodrigues and Hans-Joachim Koellreutter. She also studied with Ferdinand Leitner, in Siena, Kurt Masur, in S\u00e3o Paulo, Julius Kalmar in Vienna, Dominique Rouits in Hungary, Georg Tintner in Czech Republic, Alexander Polishuk and Eugeni Yergemsky in Saint Petersburg, Guillermo Scarabino, in Venezuela and Sir Edward Downes, in the 35th International Kirill Kondrashin Conductors Masterclass, Netherlands.<\/h4>\n<h4>\nHer discography includes 11 CDs and 5 DVDs: In 1999 she conducted the Slovene RTV Symphony Orchestra recording Rachmaninov. From 2001 to 2003, with the Cuyo National University\u2019s Symphony Orchestra she recorded three CDs with composers from Argentina. With the National Symphony Orchestra, Ligia Amadio recorded a CD with compositions of Heitor Villa-Lobos in 1998 and from 2005 to 2008, 5 CDs and DVDs for a collection of Brazilian Music under the auspices of Ministry of Education in Brazil.<\/h4>\n<h4>\nLigia Amadio produced and presented the broadcast \u201cMusic and Literature\u201d between 2000 and 2003, and \u201cStravinsky: life and opera\u201d, in 2008, at Ministry of Culture\u2019s Radio, Rio de Janeiro, Brazil.<\/h4>\n","protected":false},"excerpt":{"rendered":"<p>The Brazilian conductor Ligia Amadio was the first woman to win a ward [&hellip;]<\/p>\n","protected":false},"author":1,"featured_media":0,"parent":0,"menu_order":0,"comment_status":"open","ping_status":"open","template":"","meta":{"footnotes":""},"class_list":["post-824","page","type-page","status-publish","hentry"],"_links":{"self":[{"href":"https:\/\/ligiaamadio.net\/a\/wp-json\/wp\/v2\/pages\/824","targetHints":{"allow":["GET"]}}],"collection":[{"href":"https:\/\/ligiaamadio.net\/a\/wp-json\/wp\/v2\/pages"}],"about":[{"href":"https:\/\/ligiaamadio.net\/a\/wp-json\/wp\/v2\/types\/page"}],"author":[{"embeddable":true,"href":"https:\/\/ligiaamadio.net\/a\/wp-json\/wp\/v2\/users\/1"}],"replies":[{"embeddable":true,"href":"https:\/\/ligiaamadio.net\/a\/wp-json\/wp\/v2\/comments?post=824"}],"version-history":[{"count":5,"href":"https:\/\/ligiaamadio.net\/a\/wp-json\/wp\/v2\/pages\/824\/revisions"}],"predecessor-version":[{"id":2577,"href":"https:\/\/ligiaamadio.net\/a\/wp-json\/wp\/v2\/pages\/824\/revisions\/2577"}],"wp:attachment":[{"href":"https:\/\/ligiaamadio.net\/a\/wp-json\/wp\/v2\/media?parent=824"}],"curies":[{"name":"wp","href":"https:\/\/api.w.org\/{rel}","templated":true}]}}